{"id":2555,"date":"2020-10-27T22:27:01","date_gmt":"2020-10-27T19:27:01","guid":{"rendered":"https:\/\/vana.prototron.ee\/en\/?page_id=2555"},"modified":"2022-03-09T12:16:50","modified_gmt":"2022-03-09T09:16:50","slug":"prototron-junior","status":"publish","type":"page","link":"https:\/\/vana.prototron.ee\/ru\/junior\/","title":{"rendered":"prototron Junior"},"content":{"rendered":"<div class='e-content'>[vc_section el_class=&#187;slider fullscreen no-parallax&#187; css=&#187;.vc_custom_1644343727405{padding-bottom: 0px !important;}&#187;][vc_row full_width=&#187;stretch_row_content_no_spaces&#187;][vc_column offset=&#187;vc_hidden-xs&#187;][vc_single_image image=&#187;3264&#8243; img_size=&#187;full&#187; css=&#187;.vc_custom_1644312653268{padding-top: 25px !important;}&#187;][\/vc_column][\/vc_row][vc_row full_width=&#187;stretch_row_content_no_spaces&#187;][vc_column offset=&#187;vc_hidden-lg vc_hidden-md vc_hidden-sm&#187;][vc_single_image image=&#187;3271&#8243; img_size=&#187;full&#187; alignment=&#187;center&#187; css=&#187;.vc_custom_1644316193395{padding-top: 25px !important;}&#187;][\/vc_column][\/vc_row][\/vc_section][vc_row el_id=&#187;about&#187; el_class=&#187;section grey no-bottom&#187; css=&#187;.vc_custom_1644343745974{padding-top: 15px !important;}&#187;][vc_column][vc_row_inner][vc_column_inner width=&#187;1\/3&#8243;][vc_column_text]<\/p>\n<h5 style=\"text-align: center;\">13 &#8212; 19-aastased noored<\/h5>\n<p>[\/vc_column_text][\/vc_column_inner][vc_column_inner width=&#187;1\/3&#8243;][vc_column_text]<\/p>\n<h5 style=\"text-align: center;\">15.02.2022 &#8212; 20.5.2022<\/h5>\n<p>[\/vc_column_text][\/vc_column_inner][vc_column_inner width=&#187;1\/3&#8243;][vc_column_text]<\/p>\n<h5 style=\"text-align: center;\">Prototron \/ online<\/h5>\n<p>[\/vc_column_text][\/vc_column_inner][\/vc_row_inner][\/vc_column][\/vc_row][vc_section el_class=&#187;section grey&#187; css=&#187;.vc_custom_1644312910568{padding-top: 15px !important;padding-bottom: 0px !important;}&#187;][vc_row][vc_column css=&#187;.vc_custom_1644315897092{margin-bottom: 20px !important;}&#187;][vc_btn title=&#187;SAADA IDEE&#187; align=&#187;center&#187; link=&#187;url:https%3A%2F%2Fforms.gle%2FAFFTSPuujK2THYQe9&#8243;][\/vc_column][\/vc_row][vc_row css=&#187;.vc_custom_1644316946770{padding-top: 25px !important;}&#187;][vc_column][vc_column_text]<\/p>\n<div>Kas n\u00e4ed probleemi igap\u00e4evaelus v\u00f5i \u00f5ppet\u00f6\u00f6s ja Sul on m\u00f5te, kuidas seda tehnoloogia abil saaks lahendada? Sa tahaksid oma idee teoks teha aga ei tea veel kuidas? Kui jah, siis on Prototron Junior Sulle. Sinu t\u00e4nane lahendus v\u00f5ib homme olla Su esimene leiutamise- v\u00f5i ettev\u00f5tluskogemus.<\/div>\n<div><strong>Saada oma idee enne 18.03.2022<\/strong><\/div>\n<p>[\/vc_column_text][\/vc_column][\/vc_row][\/vc_section][vc_section el_class=&#187;section grey&#187; css=&#187;.vc_custom_1644316847053{padding-top: 25px !important;padding-bottom: 0px !important;}&#187;][vc_row][vc_column][vc_column_text]<\/p>\n<h3 style=\"text-align: center;\">Kolm p\u00f5hjust, miks kindlasti osaleda<\/h3>\n<p>[\/vc_column_text][vc_column_text]<\/p>\n<ul>\n<li>\u00f5pid oma ideid ellu viima ja Sind toetatakse sellel teekonnal vajalike teadmiste ja oskustega;<\/li>\n<li>saad kasuliku meeskonnat\u00f6\u00f6 kogemuse ja teadmisi, kuidas edaspidi oma tehnoloogiaettev\u00f5ttega alustada;<\/li>\n<li>\u00e4gedaid lahendusi ootavad v\u00e4\u00e4rilised auhinnad<\/li>\n<\/ul>\n<p>[\/vc_column_text][vc_btn title=&#187;SAADA IDEE&#187; align=&#187;center&#187; link=&#187;url:https%3A%2F%2Fforms.gle%2FAFFTSPuujK2THYQe9&#8243;][\/vc_column][\/vc_row][\/vc_section][vc_section el_id=&#187;timeline&#187; el_class=&#187;section grey&#187; css=&#187;.vc_custom_1644316988237{padding-top: 65px !important;padding-bottom: 0px !important;}&#187;][vc_row][vc_column][vc_column_text]<\/p>\n<h3 style=\"text-align: center;\">Prototron programmi ajatelg<\/h3>\n<p>[\/vc_column_text][vc_row_inner el_class=&#187;container-graphic&#187;][vc_column_inner el_class=&#187;graphic&#187;][vc_column_text el_class=&#187;graphic-box box1&#8243;]<\/p>\n<div class=\"ttl\">IDEEDE VORMISTAMINE<\/div>\n<div class=\"text\">M\u00f5tle oma idee l\u00e4bi ja saada hiljemalt 18.03.2022 kesk\u00f6\u00f6ks<\/div>\n<p>[\/vc_column_text][vc_column_text el_class=&#187;graphic-box box2&#8243;]<\/p>\n<div class=\"date\">18.03<\/div>\n<div class=\"flag\"><\/div>\n<div class=\"ttl\">T\u00c4HTAEG<\/div>\n<p>[\/vc_column_text][vc_column_text el_class=&#187;graphic-box box3&#8243;]<\/p>\n<div class=\"subbox1\">\n<div class=\"text\">\n<p>5-6 meeskondade jaoks toimuvad individuaalsed mentorsessioonid, et saada professionaalset ja personaalset n\u00f5ustamist idee viimistlemiseks. Sellele j\u00e4rgneb intensiivne pitch-koolitus. Edasi p\u00e4\u00e4senud tiimid saavad protot\u00fc\u00fcpimiseks 300\u20ac<\/p>\n<p>Parimad tiimid esitlevad oma ideid Ekspertkogu ees, kus otsustatakse v\u00f5itjad!<\/p>\n<\/div>\n<\/div>\n<p>[\/vc_column_text][vc_column_text el_class=&#187;graphic-box box4&#8243;]<\/p>\n<div class=\"graphic-line\">\n<div class=\"date\">20.05<\/div>\n<div class=\"end\"><\/div>\n<div class=\"ttl\">V\u00d5ITJA ROKIB T\u00c4IEGA!<\/div>\n<\/div>\n<div class=\"text\">\n<p>Lisaks programmi k\u00e4igus kogutud teadmistele ja kontaktidele saab v\u00f5idutiim piletid Latitude59 startup- ja tehnoloogiakonverentsile ning auhinnaraha 1500\u20ac<\/p>\n<\/div>\n<p>[\/vc_column_text][\/vc_column_inner][\/vc_row_inner][vc_btn title=&#187;SAADA IDEE&#187; align=&#187;center&#187; link=&#187;url:https%3A%2F%2Fforms.gle%2FAFFTSPuujK2THYQe9&#8243;][\/vc_column][\/vc_row][\/vc_section][vc_row el_id=&#187;about&#187; el_class=&#187;section grey no-bottom&#187;][vc_column][vc_empty_space][\/vc_column][\/vc_row]<\/p><\/div>\n","protected":false},"excerpt":{"rendered":"<div class='e-content p-summary'>[vc_section el_class=&#187;slider fullscreen no-parallax&#187; css=&#187;.vc_custom_1644343727405{padding-bottom: 0px !important;}&#187;][vc_row full_width=&#187;stretch_row_content_no_spaces&#187;][vc_column offset=&#187;vc_hidden-xs&#187;][vc_single_image image=&#187;3264&#8243; img_size=&#187;full&#187; css=&#187;.vc_custom_1644312653268{padding-top: 25px !important;}&#187;][\/vc_column][\/vc_row][vc_row full_width=&#187;stretch_row_content_no_spaces&#187;][vc_column offset=&#187;vc_hidden-lg vc_hidden-md vc_hidden-sm&#187;][vc_single_image image=&#187;3271&#8243; img_size=&#187;full&#187; alignment=&#187;center&#187; css=&#187;.vc_custom_1644316193395{padding-top: 25px !important;}&#187;][\/vc_column][\/vc_row][\/vc_section][vc_row el_id=&#187;about&#187; el_class=&#187;section grey no-bottom&#187; css=&#187;.vc_custom_1644343745974{padding-top: 15px !important;}&#187;][vc_column][vc_row_inner][vc_column_inner width=&#187;1\/3&#8243;][vc_column_text] 13 &#8212; 19-aastased noored [\/vc_column_text][\/vc_column_inner][vc_column_inner width=&#187;1\/3&#8243;][vc_column_text] 15.02.2022 &#8212; 20.5.2022 [\/vc_column_text][\/vc_column_inner][vc_column_inner width=&#187;1\/3&#8243;][vc_column_text] Prototron \/ online [\/vc_column_text][\/vc_column_inner][\/vc_row_inner][\/vc_column][\/vc_row][vc_section el_class=&#187;section grey&#187; css=&#187;.vc_custom_1644312910568{padding-top: 15px !important;padding-bottom: 0px !important;}&#187;][vc_row][vc_column css=&#187;.vc_custom_1644315897092{margin-bottom: [&hellip;]<\/div>\n","protected":false},"author":1,"featured_media":0,"parent":0,"menu_order":0,"comment_status":"closed","ping_status":"closed","template":"main.php","meta":{"_acf_changed":false,"inline_featured_image":false,"footnotes":"","_links_to":"","_links_to_target":""},"class_list":["post-2555","page","type-page","status-publish"],"acf":[],"aioseo_notices":[],"_links":{"self":[{"href":"https:\/\/vana.prototron.ee\/ru\/wp-json\/wp\/v2\/pages\/2555","targetHints":{"allow":["GET"]}}],"collection":[{"href":"https:\/\/vana.prototron.ee\/ru\/wp-json\/wp\/v2\/pages"}],"about":[{"href":"https:\/\/vana.prototron.ee\/ru\/wp-json\/wp\/v2\/types\/page"}],"author":[{"embeddable":true,"href":"https:\/\/vana.prototron.ee\/ru\/wp-json\/wp\/v2\/users\/1"}],"replies":[{"embeddable":true,"href":"https:\/\/vana.prototron.ee\/ru\/wp-json\/wp\/v2\/comments?post=2555"}],"version-history":[{"count":95,"href":"https:\/\/vana.prototron.ee\/ru\/wp-json\/wp\/v2\/pages\/2555\/revisions"}],"predecessor-version":[{"id":3456,"href":"https:\/\/vana.prototron.ee\/ru\/wp-json\/wp\/v2\/pages\/2555\/revisions\/3456"}],"wp:attachment":[{"href":"https:\/\/vana.prototron.ee\/ru\/wp-json\/wp\/v2\/media?parent=2555"}],"curies":[{"name":"wp","href":"https:\/\/api.w.org\/{rel}","templated":true}]}}